{"id":5450,"date":"2025-11-04T16:19:10","date_gmt":"2025-11-04T16:19:10","guid":{"rendered":"https:\/\/chiara.health\/?post_type=product&#038;p=5450"},"modified":"2025-11-13T13:07:10","modified_gmt":"2025-11-13T13:07:10","slug":"sesion-individual-profundidad-y-claridad-50","status":"publish","type":"product","link":"https:\/\/chiara.health\/es\/prodotto\/sesion-individual-profundidad-y-claridad-50\/","title":{"rendered":"Sesi\u00f3n individual \u2013 Profundidad y claridad (50\u2019)"},"content":{"rendered":"<p data-start=\"52\" data-end=\"396\">Una sesi\u00f3n individual de 50 minutos por Google Meet \u2013 50 $.<br data-start=\"111\" data-end=\"114\" \/>No hay llamada introductoria: nos encontramos exactamente donde est\u00e1s y trabajamos en lo que necesitas en este momento.<br data-start=\"233\" data-end=\"236\" data-is-only-node=\"\" \/>Un espacio seguro y libre de juicios con un apoyo pr\u00e1ctico para tu cuerpo, tu mente y tu esp\u00edritu (movimiento, energ\u00eda, sue\u00f1o\/estr\u00e9s, comunicaci\u00f3n, relaciones).<\/p>\n<p data-start=\"398\" data-end=\"526\" data-is-last-node=\"\" data-is-only-node=\"\">No se trata de terapia, sino de una gu\u00eda concreta y centrada en el coraz\u00f3n para ayudarte a moldear la vida que realmente deseas.<\/p>\n","protected":false},"excerpt":{"rendered":"<p>Una sesi\u00f3n individual de 50 minutos por Google Meet \u2013 50 $.No hay llamada introductoria: nos encontramos exactamente donde est\u00e1s y trabajamos en lo que necesitas en este momento.Un espacio seguro y libre de juicios con un apoyo pr\u00e1ctico para tu cuerpo, tu mente y tu esp\u00edritu (movimiento, energ\u00eda, sue\u00f1o\/estr\u00e9s, comunicaci\u00f3n, relaciones). No se trata [&hellip;]<\/p>\n","protected":false},"featured_media":5379,"comment_status":"open","ping_status":"closed","template":"","meta":{"iawp_total_views":0},"product_brand":[],"product_cat":[69],"product_tag":[],"class_list":{"0":"post-5450","1":"product","2":"type-product","3":"status-publish","4":"has-post-thumbnail","6":"product_cat-senza-categoria-es","8":"first","9":"instock","10":"shipping-taxable","11":"purchasable","12":"product-type-simple"},"_links":{"self":[{"href":"https:\/\/chiara.health\/es\/wp-json\/wp\/v2\/product\/5450","targetHints":{"allow":["GET"]}}],"collection":[{"href":"https:\/\/chiara.health\/es\/wp-json\/wp\/v2\/product"}],"about":[{"href":"https:\/\/chiara.health\/es\/wp-json\/wp\/v2\/types\/product"}],"replies":[{"embeddable":true,"href":"https:\/\/chiara.health\/es\/wp-json\/wp\/v2\/comments?post=5450"}],"wp:featuredmedia":[{"embeddable":true,"href":"https:\/\/chiara.health\/es\/wp-json\/wp\/v2\/media\/5379"}],"wp:attachment":[{"href":"https:\/\/chiara.health\/es\/wp-json\/wp\/v2\/media?parent=5450"}],"wp:term":[{"taxonomy":"product_brand","embeddable":true,"href":"https:\/\/chiara.health\/es\/wp-json\/wp\/v2\/product_brand?post=5450"},{"taxonomy":"product_cat","embeddable":true,"href":"https:\/\/chiara.health\/es\/wp-json\/wp\/v2\/product_cat?post=5450"},{"taxonomy":"product_tag","embeddable":true,"href":"https:\/\/chiara.health\/es\/wp-json\/wp\/v2\/product_tag?post=5450"}],"curies":[{"name":"wp","href":"https:\/\/api.w.org\/{rel}","templated":true}]}}