{"id":1012,"date":"2025-01-11T13:07:11","date_gmt":"2025-01-11T13:07:11","guid":{"rendered":"https:\/\/chiara.health\/privacy-policy-2\/"},"modified":"2025-02-07T15:00:00","modified_gmt":"2025-02-07T15:00:00","slug":"privacy-policy-2","status":"publish","type":"page","link":"https:\/\/chiara.health\/it\/privacy-policy-2\/","title":{"rendered":"Privacy Policy"},"content":{"rendered":"\t\t<div data-elementor-type=\"wp-page\" data-elementor-id=\"1012\" class=\"elementor elementor-1012 elementor-292\" data-elementor-post-type=\"page\">\n\t\t\t\t<div class=\"elementor-element elementor-element-d56eb8e e-flex e-con-boxed e-con e-parent\" data-id=\"d56eb8e\" data-element_type=\"container\" data-e-type=\"container\">\n\t\t\t\t\t<div class=\"e-con-inner\">\n\t\t\t\t<div class=\"elementor-element elementor-element-4d2dcc8 elementor-widget elementor-widget-spacer\" data-id=\"4d2dcc8\" data-element_type=\"widget\" data-e-type=\"widget\" data-widget_type=\"spacer.default\">\n\t\t\t\t<div class=\"elementor-widget-container\">\n\t\t\t\t\t\t\t<div class=\"elementor-spacer\">\n\t\t\t<div class=\"elementor-spacer-inner\"><\/div>\n\t\t<\/div>\n\t\t\t\t\t\t<\/div>\n\t\t\t\t<\/div>\n\t\t\t\t<div class=\"elementor-element elementor-element-8f3ec99 elementor-widget elementor-widget-text-editor\" data-id=\"8f3ec99\" data-element_type=\"widget\" data-e-type=\"widget\" data-widget_type=\"text-editor.default\">\n\t\t\t\t<div class=\"elementor-widget-container\">\n\t\t\t\t\t\t\t\t\t<p><strong>Pol\u00edtica de Privacidad<\/strong><\/p><p><strong>\u00daltima actualizaci\u00f3n: 7-02-25<\/strong><\/p><p>Chiara Colognola (&#8220;nosotros&#8221;, &#8220;nos&#8221; o &#8220;nuestro&#8221;) se compromete a proteger tu privacidad. Esta Pol\u00edtica de Privacidad describe c\u00f3mo recopilamos, usamos y protegemos tus datos personales cuando visitas nuestro sitio web <a href=\"http:\/\/www.chiara.health.com\/\" target=\"_new\" rel=\"noopener\">www.chiara.health.com<\/a> o utilizas nuestros servicios.<\/p><h3>1. Responsable del Tratamiento de Datos<\/h3><p>El Responsable del Tratamiento de Datos es Chiara Colognola, con sede en [insertar direcci\u00f3n, si es necesario]. Puedes contactarnos para cualquier consulta o solicitud relacionada con la privacidad en: <a rel=\"noopener\">info@chiara.health.com<\/a><\/p><h3>2. Datos Recopilados<\/h3><p>Cuando interact\u00faas con nuestro sitio web o nuestros servicios, podemos recopilar los siguientes tipos de datos:<\/p><p><strong>Datos proporcionados directamente por el usuario:<\/strong><\/p><ul><li>Nombre y apellido<\/li><li>Direcci\u00f3n de correo electr\u00f3nico<\/li><li>N\u00famero de tel\u00e9fono<\/li><li>Informaci\u00f3n compartida a trav\u00e9s de formularios de contacto<\/li><\/ul><p><strong>Datos recopilados autom\u00e1ticamente:<\/strong><\/p><ul><li>Direcci\u00f3n IP<\/li><li>Informaci\u00f3n sobre el navegador y el dispositivo<\/li><li>Datos de navegaci\u00f3n (por ejemplo, p\u00e1ginas visitadas, duraci\u00f3n de la visita)<\/li><\/ul><h3>3. Finalidad del Tratamiento<\/h3><p>Utilizamos tus datos personales para las siguientes finalidades:<\/p><ul><li>Responder a tus consultas o solicitudes a trav\u00e9s del formulario de contacto.<\/li><li>Enviarte actualizaciones sobre nuestros servicios, eventos o cursos (solo con tu consentimiento previo).<\/li><li>Mejorar nuestro sitio web y la experiencia del usuario.<\/li><li>Garantizar la seguridad del sitio web.<\/li><\/ul><h3>4. Base Legal<\/h3><p>El tratamiento de tus datos se basa en:<\/p><ul><li>Tu consentimiento (por ejemplo, suscripci\u00f3n al bolet\u00edn informativo).<\/li><li>La necesidad de ejecutar un contrato o responder a tu solicitud.<\/li><li>Obligaciones legales (por ejemplo, conservaci\u00f3n de datos por motivos fiscales).<\/li><\/ul><h3>5. Compartici\u00f3n de Datos<\/h3><p>No compartimos tus datos personales con terceros, salvo en los siguientes casos:<\/p><ul><li>Con proveedores de servicios (por ejemplo, plataformas de env\u00edo de correos electr\u00f3nicos) que act\u00faan en nuestro nombre.<\/li><li>Si lo exige la ley o para responder a procedimientos legales.<\/li><\/ul><h3>6. Conservaci\u00f3n de Datos<\/h3><p>Conservamos tus datos personales solo durante el tiempo necesario para cumplir con las finalidades para las que fueron recopilados, salvo que la ley exija lo contrario.<\/p><h3>7. Derechos del Usuario<\/h3><p>Tienes derecho a:<\/p><ul><li>Acceder a tus datos personales.<\/li><li>Solicitar la rectificaci\u00f3n o eliminaci\u00f3n de tus datos.<\/li><li>Restringir u oponerte al tratamiento de datos.<\/li><li>Solicitar la portabilidad de los datos.<\/li><li>Revocar tu consentimiento en cualquier momento (por ejemplo, cancelar la suscripci\u00f3n al bolet\u00edn informativo).<\/li><li>Presentar una reclamaci\u00f3n ante una autoridad de control.<\/li><\/ul><p>Para ejercer tus derechos, cont\u00e1ctanos en: [insertar correo electr\u00f3nico].<\/p><h3>8. Cookies<\/h3><p>Utilizamos cookies para mejorar tu experiencia en nuestro sitio web. Para m\u00e1s detalles, consulta nuestra Pol\u00edtica de Cookies.<\/p><h3>9. Modificaciones a la Pol\u00edtica de Privacidad<\/h3><p>Nos reservamos el derecho de actualizar esta Pol\u00edtica de Privacidad en cualquier momento. Te recomendamos revisar esta p\u00e1gina peri\u00f3dicamente para conocer posibles cambios.<\/p><h3>10. Contacto<\/h3><p>Para cualquier consulta relacionada con esta Pol\u00edtica de Privacidad, puedes contactarnos en:<br \/><strong>Correo electr\u00f3nico:<\/strong> <a rel=\"noopener\">info@chiara.health.com<\/a><\/p>\t\t\t\t\t\t\t\t<\/div>\n\t\t\t\t<\/div>\n\t\t\t\t\t<\/div>\n\t\t\t\t<\/div>\n\t\t<div class=\"elementor-element elementor-element-e8ffa5d e-flex e-con-boxed e-con e-parent\" data-id=\"e8ffa5d\" data-element_type=\"container\" data-e-type=\"container\">\n\t\t\t\t\t<div class=\"e-con-inner\">\n\t\t\t\t<div class=\"elementor-element elementor-element-d7a8c11 elementor-widget elementor-widget-spacer\" data-id=\"d7a8c11\" data-element_type=\"widget\" data-e-type=\"widget\" data-widget_type=\"spacer.default\">\n\t\t\t\t<div class=\"elementor-widget-container\">\n\t\t\t\t\t\t\t<div class=\"elementor-spacer\">\n\t\t\t<div class=\"elementor-spacer-inner\"><\/div>\n\t\t<\/div>\n\t\t\t\t\t\t<\/div>\n\t\t\t\t<\/div>\n\t\t\t\t\t<\/div>\n\t\t\t\t<\/div>\n\t\t\t\t<\/div>\n\t\t","protected":false},"excerpt":{"rendered":"<p>Pol\u00edtica de Privacidad \u00daltima actualizaci\u00f3n: 7-02-25 Chiara Colognola (&#8220;nosotros&#8221;, &#8220;nos&#8221; o &#8220;nuestro&#8221;) se compromete a proteger tu privacidad. Esta Pol\u00edtica de Privacidad describe c\u00f3mo recopilamos, usamos y protegemos tus datos personales cuando visitas nuestro sitio web www.chiara.health.com o utilizas nuestros servicios. 1. Responsable del Tratamiento de Datos El Responsable del Tratamiento de Datos es Chiara [&hellip;]<\/p>\n","protected":false},"author":1,"featured_media":0,"parent":0,"menu_order":0,"comment_status":"closed","ping_status":"closed","template":"","meta":{"iawp_total_views":3,"footnotes":""},"class_list":["post-1012","page","type-page","status-publish","hentry"],"_links":{"self":[{"href":"https:\/\/chiara.health\/it\/wp-json\/wp\/v2\/pages\/1012","targetHints":{"allow":["GET"]}}],"collection":[{"href":"https:\/\/chiara.health\/it\/wp-json\/wp\/v2\/pages"}],"about":[{"href":"https:\/\/chiara.health\/it\/wp-json\/wp\/v2\/types\/page"}],"author":[{"embeddable":true,"href":"https:\/\/chiara.health\/it\/wp-json\/wp\/v2\/users\/1"}],"replies":[{"embeddable":true,"href":"https:\/\/chiara.health\/it\/wp-json\/wp\/v2\/comments?post=1012"}],"version-history":[{"count":9,"href":"https:\/\/chiara.health\/it\/wp-json\/wp\/v2\/pages\/1012\/revisions"}],"predecessor-version":[{"id":1033,"href":"https:\/\/chiara.health\/it\/wp-json\/wp\/v2\/pages\/1012\/revisions\/1033"}],"wp:attachment":[{"href":"https:\/\/chiara.health\/it\/wp-json\/wp\/v2\/media?parent=1012"}],"curies":[{"name":"wp","href":"https:\/\/api.w.org\/{rel}","templated":true}]}}